{"id":34,"date":"2012-09-22T17:22:41","date_gmt":"2012-09-22T17:22:41","guid":{"rendered":"https:\/\/realgoya.com\/?page_id=34"},"modified":"2013-12-11T10:02:56","modified_gmt":"2013-12-11T08:02:56","slug":"links","status":"publish","type":"page","link":"https:\/\/realgoya.com\/en\/links\/","title":{"rendered":"Links"},"content":{"rendered":"<p style=\"color: #444444; font-size: 16px;\"><em><strong>Links recomendados<\/strong><\/em><\/p>\n<div>\n<ul>\n<li><a title=\"Goya en internet\" href=\"https:\/\/sites.google.com\/site\/goyaeninternet\/\">Goya en Internet<\/a><\/li>\n<li><a title=\"Francisco de Goya and the Spanish Englightenment\" href=\"http:\/\/www.metmuseum.org\/toah\/hd\/goya\/hd_goya.htm\">Francisco de Goya (1746\u20131828) and the Spanish Enlightenment \u2022 Metropolitan Museum of Art<\/a><\/li>\n<li><a title=\"Calcograf\u00eda Nacional de Madrid\" href=\"https:\/\/sites.google.com\/site\/arteprocomun\/-calcografia-nacional-de-madrid\">Calcograf\u00eda Nacional de Madrid 1789-2004. La obra de Goya<\/a><\/li>\n<li><a title=\"Goya en el Prado\" href=\"http:\/\/www.museodelprado.es\/goya-en-el-prado\/inicio\/\">Goya en el Prado<\/a><\/li>\n<li><a href=\"http:\/\/www.flg.es\" target=\"_blank\">Fundaci\u00f3n L\u00e1zaro Galdiano<\/a><\/li>\n<\/ul>\n<\/div>\n","protected":false},"excerpt":{"rendered":"<p>Links recomendados Goya en Internet Francisco de Goya (1746\u20131828) and the Spanish Enlightenment \u2022 Metropolitan Museum of Art Calcograf\u00eda Nacional de Madrid 1789-2004. La obra de Goya Goya en el Prado Fundaci\u00f3n L\u00e1zaro Galdiano<\/p>\n","protected":false},"author":1,"featured_media":0,"parent":0,"menu_order":5,"comment_status":"closed","ping_status":"open","template":"onecolumn-page.php","meta":{"footnotes":""},"class_list":["post-34","page","type-page","status-publish","hentry"],"_links":{"self":[{"href":"https:\/\/realgoya.com\/en\/wp-json\/wp\/v2\/pages\/34","targetHints":{"allow":["GET"]}}],"collection":[{"href":"https:\/\/realgoya.com\/en\/wp-json\/wp\/v2\/pages"}],"about":[{"href":"https:\/\/realgoya.com\/en\/wp-json\/wp\/v2\/types\/page"}],"author":[{"embeddable":true,"href":"https:\/\/realgoya.com\/en\/wp-json\/wp\/v2\/users\/1"}],"replies":[{"embeddable":true,"href":"https:\/\/realgoya.com\/en\/wp-json\/wp\/v2\/comments?post=34"}],"version-history":[{"count":0,"href":"https:\/\/realgoya.com\/en\/wp-json\/wp\/v2\/pages\/34\/revisions"}],"wp:attachment":[{"href":"https:\/\/realgoya.com\/en\/wp-json\/wp\/v2\/media?parent=34"}],"curies":[{"name":"wp","href":"https:\/\/api.w.org\/{rel}","templated":true}]}}